{"id":68845,"date":"2025-07-15T08:24:04","date_gmt":"2025-07-15T06:24:04","guid":{"rendered":"https:\/\/nebimverhuur.eu\/?page_id=68845"},"modified":"2025-12-11T13:45:10","modified_gmt":"2025-12-11T12:45:10","slug":"colophon","status":"publish","type":"page","link":"https:\/\/nebimverhuur.eu\/fr\/colophon\/","title":{"rendered":"Colophon"},"content":{"rendered":"<h1 class=\"wp-block-heading\">COLOFON<\/h1>\n\n\n\n<p>L'information sur le site web de Nebim Verhuur, les textes et le mat\u00e9riel visuel sont soumis aux droits d'auteur du Groupe Nebim. Aucun droit ne peut \u00eatre tir\u00e9 de l'information contenue dans ce site web.\u00a0<\/p>\n\n\n\n<h3 class=\"wp-block-heading\">CR\u00c9ATION DU SITE WEB<\/h3>\n\n\n\n<p>Le module d'inventaire a \u00e9t\u00e9 fourni par&nbsp;<a href=\"https:\/\/www.vextpro.com\/\" target=\"_blank\" rel=\"noreferrer noopener\">vextPro.<\/a><\/p>","protected":false},"excerpt":{"rendered":"<p>COLOFON Les informations sur le site web de Nebim Verhuur, les textes et le mat\u00e9riel visuel sont soumis au droit d'auteur du Groupe Nebim. Aucun droit ne peut \u00eatre d\u00e9riv\u00e9 des informations pr\u00e9sentes sur ce site.  \u00c9TABLISSEMENT DU SITE WEB Le module de stock est fourni par vextPro.<\/p>","protected":false},"author":1,"featured_media":0,"parent":0,"menu_order":0,"comment_status":"closed","ping_status":"closed","template":"","meta":{"_acf_changed":false,"footnotes":""},"class_list":["post-68845","page","type-page","status-publish","hentry"],"acf":[],"yoast_head":"<!-- This site is optimized with the Yoast SEO plugin v26.8 - https:\/\/yoast.com\/product\/yoast-seo-wordpress\/ -->\n<title>Colofon - Nebim verhuur<\/title>\n<meta name=\"robots\" content=\"index, follow, max-snippet:-1, max-image-preview:large, max-video-preview:-1\" \/>\n<link rel=\"canonical\" href=\"https:\/\/nebimverhuur.eu\/fr\/colophon\/\" \/>\n<meta property=\"og:locale\" content=\"fr_FR\" \/>\n<meta property=\"og:type\" content=\"article\" \/>\n<meta property=\"og:title\" content=\"Colofon - Nebim verhuur\" \/>\n<meta property=\"og:description\" content=\"COLOFON De informatie op de website van Nebim Verhuur, de teksten en het beeldmateriaal vallen onder het copyright van Nebim Groep. Aan de op deze website aanwezige informatie kunnen geen rechten\u00a0worden\u00a0ontleend.\u00a0 TOTSTANDKOMING VAN DE WEBSITE De voorraadmodule&nbsp;is verzorgd door&nbsp;vextPro.\" \/>\n<meta property=\"og:url\" content=\"https:\/\/nebimverhuur.eu\/fr\/colophon\/\" \/>\n<meta property=\"og:site_name\" content=\"Nebim verhuur\" \/>\n<meta property=\"article:publisher\" content=\"https:\/\/www.facebook.com\/NebimUsedTrucks\" \/>\n<meta property=\"article:modified_time\" content=\"2025-12-11T12:45:10+00:00\" \/>\n<meta name=\"twitter:card\" content=\"summary_large_image\" \/>\n<meta name=\"twitter:label1\" content=\"Dur\u00e9e de lecture estim\u00e9e\" \/>\n\t<meta name=\"twitter:data1\" content=\"1 minute\" \/>\n<script type=\"application\/ld+json\" class=\"yoast-schema-graph\">{\"@context\":\"https:\/\/schema.org\",\"@graph\":[{\"@type\":\"WebPage\",\"@id\":\"https:\/\/nebimverhuur.eu\/colofon\/\",\"url\":\"https:\/\/nebimverhuur.eu\/colofon\/\",\"name\":\"Colofon - Nebim verhuur\",\"isPartOf\":{\"@id\":\"https:\/\/nebimverhuur.eu\/#website\"},\"datePublished\":\"2025-07-15T06:24:04+00:00\",\"dateModified\":\"2025-12-11T12:45:10+00:00\",\"breadcrumb\":{\"@id\":\"https:\/\/nebimverhuur.eu\/colofon\/#breadcrumb\"},\"inLanguage\":\"fr-FR\",\"potentialAction\":[{\"@type\":\"ReadAction\",\"target\":[\"https:\/\/nebimverhuur.eu\/colofon\/\"]}]},{\"@type\":\"BreadcrumbList\",\"@id\":\"https:\/\/nebimverhuur.eu\/colofon\/#breadcrumb\",\"itemListElement\":[{\"@type\":\"ListItem\",\"position\":1,\"name\":\"Home\",\"item\":\"https:\/\/nebimverhuur.eu\/\"},{\"@type\":\"ListItem\",\"position\":2,\"name\":\"Colofon\"}]},{\"@type\":\"WebSite\",\"@id\":\"https:\/\/nebimverhuur.eu\/#website\",\"url\":\"https:\/\/nebimverhuur.eu\/\",\"name\":\"Nebim Used Trucks\",\"description\":\"Verhuur van vrachtwagens - trekkers, bakwagens en bedrijfswagens voor lange of korte termijn\",\"publisher\":{\"@id\":\"https:\/\/nebimverhuur.eu\/#organization\"},\"potentialAction\":[{\"@type\":\"SearchAction\",\"target\":{\"@type\":\"EntryPoint\",\"urlTemplate\":\"https:\/\/nebimverhuur.eu\/?s={search_term_string}\"},\"query-input\":{\"@type\":\"PropertyValueSpecification\",\"valueRequired\":true,\"valueName\":\"search_term_string\"}}],\"inLanguage\":\"fr-FR\"},{\"@type\":\"Organization\",\"@id\":\"https:\/\/nebimverhuur.eu\/#organization\",\"name\":\"Nebim Used Trucks\",\"url\":\"https:\/\/nebimverhuur.eu\/\",\"logo\":{\"@type\":\"ImageObject\",\"inLanguage\":\"fr-FR\",\"@id\":\"https:\/\/nebimverhuur.eu\/#\/schema\/logo\/image\/\",\"url\":\"\",\"contentUrl\":\"\",\"caption\":\"Nebim Used Trucks\"},\"image\":{\"@id\":\"https:\/\/nebimverhuur.eu\/#\/schema\/logo\/image\/\"},\"sameAs\":[\"https:\/\/www.facebook.com\/NebimUsedTrucks\",\"https:\/\/www.instagram.com\/nebim_used_trucks\/\",\"https:\/\/www.linkedin.com\/company\/10540837\/admin\/page-posts\/published\/\"]}]}<\/script>\n<!-- \/ Yoast SEO plugin. -->","yoast_head_json":{"title":"Colophon - Location de Nebim","robots":{"index":"index","follow":"follow","max-snippet":"max-snippet:-1","max-image-preview":"max-image-preview:large","max-video-preview":"max-video-preview:-1"},"canonical":"https:\/\/nebimverhuur.eu\/fr\/colophon\/","og_locale":"fr_FR","og_type":"article","og_title":"Colofon - Nebim verhuur","og_description":"COLOFON De informatie op de website van Nebim Verhuur, de teksten en het beeldmateriaal vallen onder het copyright van Nebim Groep. Aan de op deze website aanwezige informatie kunnen geen rechten\u00a0worden\u00a0ontleend.\u00a0 TOTSTANDKOMING VAN DE WEBSITE De voorraadmodule&nbsp;is verzorgd door&nbsp;vextPro.","og_url":"https:\/\/nebimverhuur.eu\/fr\/colophon\/","og_site_name":"Nebim verhuur","article_publisher":"https:\/\/www.facebook.com\/NebimUsedTrucks","article_modified_time":"2025-12-11T12:45:10+00:00","twitter_card":"summary_large_image","twitter_misc":{"Dur\u00e9e de lecture estim\u00e9e":"1 minute"},"schema":{"@context":"https:\/\/schema.org","@graph":[{"@type":"WebPage","@id":"https:\/\/nebimverhuur.eu\/colofon\/","url":"https:\/\/nebimverhuur.eu\/colofon\/","name":"Colophon - Location de Nebim","isPartOf":{"@id":"https:\/\/nebimverhuur.eu\/#website"},"datePublished":"2025-07-15T06:24:04+00:00","dateModified":"2025-12-11T12:45:10+00:00","breadcrumb":{"@id":"https:\/\/nebimverhuur.eu\/colofon\/#breadcrumb"},"inLanguage":"fr-FR","potentialAction":[{"@type":"ReadAction","target":["https:\/\/nebimverhuur.eu\/colofon\/"]}]},{"@type":"BreadcrumbList","@id":"https:\/\/nebimverhuur.eu\/colofon\/#breadcrumb","itemListElement":[{"@type":"ListItem","position":1,"name":"Home","item":"https:\/\/nebimverhuur.eu\/"},{"@type":"ListItem","position":2,"name":"Colofon"}]},{"@type":"WebSite","@id":"https:\/\/nebimverhuur.eu\/#website","url":"https:\/\/nebimverhuur.eu\/","name":"Camions d'occasion Nebim","description":"Location de camions \u00e0 long ou court terme - tracteurs, porteurs et v\u00e9hicules utilitaires","publisher":{"@id":"https:\/\/nebimverhuur.eu\/#organization"},"potentialAction":[{"@type":"SearchAction","target":{"@type":"EntryPoint","urlTemplate":"https:\/\/nebimverhuur.eu\/?s={search_term_string}"},"query-input":{"@type":"PropertyValueSpecification","valueRequired":true,"valueName":"search_term_string"}}],"inLanguage":"fr-FR"},{"@type":"Organization","@id":"https:\/\/nebimverhuur.eu\/#organization","name":"Camions d'occasion Nebim","url":"https:\/\/nebimverhuur.eu\/","logo":{"@type":"ImageObject","inLanguage":"fr-FR","@id":"https:\/\/nebimverhuur.eu\/#\/schema\/logo\/image\/","url":"","contentUrl":"","caption":"Nebim Used Trucks"},"image":{"@id":"https:\/\/nebimverhuur.eu\/#\/schema\/logo\/image\/"},"sameAs":["https:\/\/www.facebook.com\/NebimUsedTrucks","https:\/\/www.instagram.com\/nebim_used_trucks\/","https:\/\/www.linkedin.com\/company\/10540837\/admin\/page-posts\/published\/"]}]}},"_links":{"self":[{"href":"https:\/\/nebimverhuur.eu\/fr\/wp-json\/wp\/v2\/pages\/68845","targetHints":{"allow":["GET"]}}],"collection":[{"href":"https:\/\/nebimverhuur.eu\/fr\/wp-json\/wp\/v2\/pages"}],"about":[{"href":"https:\/\/nebimverhuur.eu\/fr\/wp-json\/wp\/v2\/types\/page"}],"author":[{"embeddable":true,"href":"https:\/\/nebimverhuur.eu\/fr\/wp-json\/wp\/v2\/users\/1"}],"replies":[{"embeddable":true,"href":"https:\/\/nebimverhuur.eu\/fr\/wp-json\/wp\/v2\/comments?post=68845"}],"version-history":[{"count":3,"href":"https:\/\/nebimverhuur.eu\/fr\/wp-json\/wp\/v2\/pages\/68845\/revisions"}],"predecessor-version":[{"id":86187,"href":"https:\/\/nebimverhuur.eu\/fr\/wp-json\/wp\/v2\/pages\/68845\/revisions\/86187"}],"wp:attachment":[{"href":"https:\/\/nebimverhuur.eu\/fr\/wp-json\/wp\/v2\/media?parent=68845"}],"curies":[{"name":"wp","href":"https:\/\/api.w.org\/{rel}","templated":true}]}}