{"id":68782,"date":"2025-07-04T13:15:34","date_gmt":"2025-07-04T11:15:34","guid":{"rendered":"https:\/\/nebimverhuur.eu\/?page_id=68782"},"modified":"2026-01-19T13:36:07","modified_gmt":"2026-01-19T12:36:07","slug":"offrir","status":"publish","type":"page","link":"https:\/\/nebimverhuur.eu\/fr\/offrir\/","title":{"rendered":"Flotte de location"},"content":{"rendered":"","protected":false},"excerpt":{"rendered":"","protected":false},"author":1,"featured_media":0,"parent":0,"menu_order":0,"comment_status":"closed","ping_status":"closed","template":"","meta":{"_acf_changed":false,"footnotes":""},"class_list":["post-68782","page","type-page","status-publish","hentry"],"acf":[],"yoast_head":"<!-- This site is optimized with the Yoast SEO plugin v26.8 - https:\/\/yoast.com\/product\/yoast-seo-wordpress\/ -->\n<title>Huurvloot - Nebim Verhuur<\/title>\n<meta name=\"description\" content=\"Bekijk hier ons volledige aanbod trekkers, bakwagens en bedrijfswagens. Huur vandaag nog je voertuig\" \/>\n<meta name=\"robots\" content=\"index, follow, max-snippet:-1, max-image-preview:large, max-video-preview:-1\" \/>\n<link rel=\"canonical\" href=\"https:\/\/nebimverhuur.eu\/fr\/offrir\/\" \/>\n<meta property=\"og:locale\" content=\"fr_FR\" \/>\n<meta property=\"og:type\" content=\"article\" \/>\n<meta property=\"og:title\" content=\"Huurvloot - Nebim Verhuur\" \/>\n<meta property=\"og:description\" content=\"Bekijk hier ons volledige aanbod trekkers, bakwagens en bedrijfswagens. Huur vandaag nog je voertuig\" \/>\n<meta property=\"og:url\" content=\"https:\/\/nebimverhuur.eu\/fr\/offrir\/\" \/>\n<meta property=\"og:site_name\" content=\"Nebim verhuur\" \/>\n<meta property=\"article:publisher\" content=\"https:\/\/www.facebook.com\/NebimUsedTrucks\" \/>\n<meta property=\"article:modified_time\" content=\"2026-01-19T12:36:07+00:00\" \/>\n<meta name=\"twitter:card\" content=\"summary_large_image\" \/>\n<meta name=\"twitter:label1\" content=\"Dur\u00e9e de lecture estim\u00e9e\" \/>\n\t<meta name=\"twitter:data1\" content=\"4 minutes\" \/>\n<script type=\"application\/ld+json\" class=\"yoast-schema-graph\">{\"@context\":\"https:\/\/schema.org\",\"@graph\":[{\"@type\":\"WebPage\",\"@id\":\"https:\/\/nebimverhuur.eu\/aanbod\/\",\"url\":\"https:\/\/nebimverhuur.eu\/aanbod\/\",\"name\":\"Huurvloot - Nebim Verhuur\",\"isPartOf\":{\"@id\":\"https:\/\/nebimverhuur.eu\/#website\"},\"datePublished\":\"2025-07-04T11:15:34+00:00\",\"dateModified\":\"2026-01-19T12:36:07+00:00\",\"description\":\"Bekijk hier ons volledige aanbod trekkers, bakwagens en bedrijfswagens. Huur vandaag nog je voertuig\",\"breadcrumb\":{\"@id\":\"https:\/\/nebimverhuur.eu\/aanbod\/#breadcrumb\"},\"inLanguage\":\"fr-FR\",\"potentialAction\":[{\"@type\":\"ReadAction\",\"target\":[\"https:\/\/nebimverhuur.eu\/aanbod\/\"]}]},{\"@type\":\"BreadcrumbList\",\"@id\":\"https:\/\/nebimverhuur.eu\/aanbod\/#breadcrumb\",\"itemListElement\":[{\"@type\":\"ListItem\",\"position\":1,\"name\":\"Home\",\"item\":\"https:\/\/nebimverhuur.eu\/\"},{\"@type\":\"ListItem\",\"position\":2,\"name\":\"Huurvloot\"}]},{\"@type\":\"WebSite\",\"@id\":\"https:\/\/nebimverhuur.eu\/#website\",\"url\":\"https:\/\/nebimverhuur.eu\/\",\"name\":\"Nebim Used Trucks\",\"description\":\"Verhuur van vrachtwagens - trekkers, bakwagens en bedrijfswagens voor lange of korte termijn\",\"publisher\":{\"@id\":\"https:\/\/nebimverhuur.eu\/#organization\"},\"potentialAction\":[{\"@type\":\"SearchAction\",\"target\":{\"@type\":\"EntryPoint\",\"urlTemplate\":\"https:\/\/nebimverhuur.eu\/?s={search_term_string}\"},\"query-input\":{\"@type\":\"PropertyValueSpecification\",\"valueRequired\":true,\"valueName\":\"search_term_string\"}}],\"inLanguage\":\"fr-FR\"},{\"@type\":\"Organization\",\"@id\":\"https:\/\/nebimverhuur.eu\/#organization\",\"name\":\"Nebim Used Trucks\",\"url\":\"https:\/\/nebimverhuur.eu\/\",\"logo\":{\"@type\":\"ImageObject\",\"inLanguage\":\"fr-FR\",\"@id\":\"https:\/\/nebimverhuur.eu\/#\/schema\/logo\/image\/\",\"url\":\"\",\"contentUrl\":\"\",\"caption\":\"Nebim Used Trucks\"},\"image\":{\"@id\":\"https:\/\/nebimverhuur.eu\/#\/schema\/logo\/image\/\"},\"sameAs\":[\"https:\/\/www.facebook.com\/NebimUsedTrucks\",\"https:\/\/www.instagram.com\/nebim_used_trucks\/\",\"https:\/\/www.linkedin.com\/company\/10540837\/admin\/page-posts\/published\/\"]}]}<\/script>\n<!-- \/ Yoast SEO plugin. -->","yoast_head_json":{"title":"Flotte de location - Nebim Rental","description":"Consultez notre gamme compl\u00e8te de tracteurs, de porteurs et de v\u00e9hicules utilitaires ici. Louez votre v\u00e9hicule aujourd'hui","robots":{"index":"index","follow":"follow","max-snippet":"max-snippet:-1","max-image-preview":"max-image-preview:large","max-video-preview":"max-video-preview:-1"},"canonical":"https:\/\/nebimverhuur.eu\/fr\/offrir\/","og_locale":"fr_FR","og_type":"article","og_title":"Huurvloot - Nebim Verhuur","og_description":"Bekijk hier ons volledige aanbod trekkers, bakwagens en bedrijfswagens. Huur vandaag nog je voertuig","og_url":"https:\/\/nebimverhuur.eu\/fr\/offrir\/","og_site_name":"Nebim verhuur","article_publisher":"https:\/\/www.facebook.com\/NebimUsedTrucks","article_modified_time":"2026-01-19T12:36:07+00:00","twitter_card":"summary_large_image","twitter_misc":{"Dur\u00e9e de lecture estim\u00e9e":"4 minutes"},"schema":{"@context":"https:\/\/schema.org","@graph":[{"@type":"WebPage","@id":"https:\/\/nebimverhuur.eu\/aanbod\/","url":"https:\/\/nebimverhuur.eu\/aanbod\/","name":"Flotte de location - Nebim Rental","isPartOf":{"@id":"https:\/\/nebimverhuur.eu\/#website"},"datePublished":"2025-07-04T11:15:34+00:00","dateModified":"2026-01-19T12:36:07+00:00","description":"Consultez notre gamme compl\u00e8te de tracteurs, de porteurs et de v\u00e9hicules utilitaires ici. Louez votre v\u00e9hicule aujourd'hui","breadcrumb":{"@id":"https:\/\/nebimverhuur.eu\/aanbod\/#breadcrumb"},"inLanguage":"fr-FR","potentialAction":[{"@type":"ReadAction","target":["https:\/\/nebimverhuur.eu\/aanbod\/"]}]},{"@type":"BreadcrumbList","@id":"https:\/\/nebimverhuur.eu\/aanbod\/#breadcrumb","itemListElement":[{"@type":"ListItem","position":1,"name":"Home","item":"https:\/\/nebimverhuur.eu\/"},{"@type":"ListItem","position":2,"name":"Huurvloot"}]},{"@type":"WebSite","@id":"https:\/\/nebimverhuur.eu\/#website","url":"https:\/\/nebimverhuur.eu\/","name":"Camions d'occasion Nebim","description":"Location de camions \u00e0 long ou court terme - tracteurs, porteurs et v\u00e9hicules utilitaires","publisher":{"@id":"https:\/\/nebimverhuur.eu\/#organization"},"potentialAction":[{"@type":"SearchAction","target":{"@type":"EntryPoint","urlTemplate":"https:\/\/nebimverhuur.eu\/?s={search_term_string}"},"query-input":{"@type":"PropertyValueSpecification","valueRequired":true,"valueName":"search_term_string"}}],"inLanguage":"fr-FR"},{"@type":"Organization","@id":"https:\/\/nebimverhuur.eu\/#organization","name":"Camions d'occasion Nebim","url":"https:\/\/nebimverhuur.eu\/","logo":{"@type":"ImageObject","inLanguage":"fr-FR","@id":"https:\/\/nebimverhuur.eu\/#\/schema\/logo\/image\/","url":"","contentUrl":"","caption":"Nebim Used Trucks"},"image":{"@id":"https:\/\/nebimverhuur.eu\/#\/schema\/logo\/image\/"},"sameAs":["https:\/\/www.facebook.com\/NebimUsedTrucks","https:\/\/www.instagram.com\/nebim_used_trucks\/","https:\/\/www.linkedin.com\/company\/10540837\/admin\/page-posts\/published\/"]}]}},"_links":{"self":[{"href":"https:\/\/nebimverhuur.eu\/fr\/wp-json\/wp\/v2\/pages\/68782","targetHints":{"allow":["GET"]}}],"collection":[{"href":"https:\/\/nebimverhuur.eu\/fr\/wp-json\/wp\/v2\/pages"}],"about":[{"href":"https:\/\/nebimverhuur.eu\/fr\/wp-json\/wp\/v2\/types\/page"}],"author":[{"embeddable":true,"href":"https:\/\/nebimverhuur.eu\/fr\/wp-json\/wp\/v2\/users\/1"}],"replies":[{"embeddable":true,"href":"https:\/\/nebimverhuur.eu\/fr\/wp-json\/wp\/v2\/comments?post=68782"}],"version-history":[{"count":4,"href":"https:\/\/nebimverhuur.eu\/fr\/wp-json\/wp\/v2\/pages\/68782\/revisions"}],"predecessor-version":[{"id":86185,"href":"https:\/\/nebimverhuur.eu\/fr\/wp-json\/wp\/v2\/pages\/68782\/revisions\/86185"}],"wp:attachment":[{"href":"https:\/\/nebimverhuur.eu\/fr\/wp-json\/wp\/v2\/media?parent=68782"}],"curies":[{"name":"wp","href":"https:\/\/api.w.org\/{rel}","templated":true}]}}